{"id":113,"date":"2022-08-26T10:59:36","date_gmt":"2022-08-26T09:59:36","guid":{"rendered":"https:\/\/tempsdereflexion.com\/?page_id=113"},"modified":"2022-11-10T11:46:28","modified_gmt":"2022-11-10T10:46:28","slug":"mentions-legales","status":"publish","type":"page","link":"https:\/\/tempsdereflexion.com\/en\/mentions-legales\/","title":{"rendered":"Mentions l\u00e9gales"},"content":{"rendered":"<div data-elementor-type=\"wp-page\" data-elementor-id=\"113\" class=\"elementor elementor-113\">\n\t\t\t\t\t\t<section class=\"elementor-section elementor-top-section elementor-element elementor-element-44d67910 elementor-section-boxed elementor-section-height-default elementor-section-height-default\" data-id=\"44d67910\" data-element_type=\"section\" data-e-type=\"section\">\n\t\t\t\t\t\t<div class=\"elementor-container elementor-column-gap-default\">\n\t\t\t\t\t<div class=\"elementor-column elementor-col-100 elementor-top-column elementor-element elementor-element-64083fd0\" data-id=\"64083fd0\" data-element_type=\"column\" data-e-type=\"column\">\n\t\t\t<div class=\"elementor-widget-wrap elementor-element-populated\">\n\t\t\t\t\t\t<div class=\"elementor-element elementor-element-722795fe elementor-widget elementor-widget-text-editor\" data-id=\"722795fe\" data-element_type=\"widget\" data-e-type=\"widget\" data-widget_type=\"text-editor.default\">\n\t\t\t\t<div class=\"elementor-widget-container\">\n\t\t\t\t\t\t\t\t\t\n<div class=\"wp-block-themeisle-blocks-advanced-columns has-undefined-columns has-desktop-undefined-layout has-tablet-equal-layout has-mobile-equal-layout has-default-gap has-vertical-unset\" id=\"wp-block-themeisle-blocks-advanced-columns-fbddf294\"><div class=\"wp-block-themeisle-blocks-advanced-columns-overlay\"><\/div><div class=\"innerblocks-wrap\"><\/div><\/div>\n\t\t\t\t\t\t\t\t<\/div>\n\t\t\t\t<\/div>\n\t\t\t\t\t<\/div>\n\t\t<\/div>\n\t\t\t\t\t<\/div>\n\t\t<\/section>\n\t\t\t\t<section class=\"elementor-section elementor-top-section elementor-element elementor-element-4a44229 elementor-section-boxed elementor-section-height-default elementor-section-height-default\" data-id=\"4a44229\" data-element_type=\"section\" data-e-type=\"section\">\n\t\t\t\t\t\t<div class=\"elementor-container elementor-column-gap-default\">\n\t\t\t\t\t<div class=\"elementor-column elementor-col-100 elementor-top-column elementor-element elementor-element-dcad47d\" data-id=\"dcad47d\" data-element_type=\"column\" data-e-type=\"column\">\n\t\t\t<div class=\"elementor-widget-wrap elementor-element-populated\">\n\t\t\t\t\t\t<div class=\"elementor-element elementor-element-7f81e43 elementor-widget elementor-widget-heading\" data-id=\"7f81e43\" data-element_type=\"widget\" data-e-type=\"widget\" data-widget_type=\"heading.default\">\n\t\t\t\t<div class=\"elementor-widget-container\">\n\t\t\t\t\t<h2 class=\"elementor-heading-title elementor-size-default\">Mention l\u00e9gales<\/h2>\t\t\t\t<\/div>\n\t\t\t\t<\/div>\n\t\t\t\t\t<\/div>\n\t\t<\/div>\n\t\t\t\t\t<\/div>\n\t\t<\/section>\n\t\t\t\t<section class=\"elementor-section elementor-top-section elementor-element elementor-element-9be406b elementor-section-boxed elementor-section-height-default elementor-section-height-default\" data-id=\"9be406b\" data-element_type=\"section\" data-e-type=\"section\">\n\t\t\t\t\t\t<div class=\"elementor-container elementor-column-gap-default\">\n\t\t\t\t\t<div class=\"elementor-column elementor-col-100 elementor-top-column elementor-element elementor-element-4243f29\" data-id=\"4243f29\" data-element_type=\"column\" data-e-type=\"column\">\n\t\t\t<div class=\"elementor-widget-wrap elementor-element-populated\">\n\t\t\t\t\t\t<div class=\"elementor-element elementor-element-7def57f elementor-widget elementor-widget-text-editor\" data-id=\"7def57f\" data-element_type=\"widget\" data-e-type=\"widget\" data-widget_type=\"text-editor.default\">\n\t\t\t\t<div class=\"elementor-widget-container\">\n\t\t\t\t\t\t\t\t\t<p>\u00a0<\/p>\n<p style=\"text-align: center;\"><strong>MENTIONS L\u00c9GALES<\/strong><\/p>\n<p>Conform\u00e9ment aux dispositions des articles 6-III et 19 de la loi n\u00b02004-575\u00a0 du 21 juin 2004 pour la Confiance dans l&rsquo;\u00e9conomie num\u00e9rique, dite L.C.E.N, il est port\u00e9 \u00e0 la connaissance des utilisateurs et visiteurs du site Temps de R\u00e9flexion, les pr\u00e9sentes mentions l\u00e9gales.<\/p>\n<p>Les responsables du pr\u00e9sent site internet www.tempsdereflexion.com sont :<\/p>\n<p><strong>Article I &#8211; L\u2019\u00c9diteur du site<\/strong><\/p>\n<p>\u00c9diteur du Site :<\/p>\n<p><strong>TEMPS DE REFLEXION<\/strong> (Entreprise Individuelle)<\/p>\n<p>Num\u00e9ro de SIRET : 92018813300010<\/p>\n<p>Webmaster et Responsable de la publication : <strong>Julie DUPUY<\/strong><\/p>\n<p>30 Kergu\u00e9len, 29360 CLOHARS-CARNOET\u00a0<\/p>\n<p>T\u00e9l\u00e9phone : <strong>07 64 88 07 50<\/strong>\u00a0<\/p>\n<p>Email : <strong>bienvenue@tempsdereflexion.com<\/strong><\/p>\n<p>Site Web : www.tempsdereflexion.com<\/p>\n<p>\u00a0<\/p>\n<p><strong>Article II &#8211; L&rsquo;h\u00e9bergeur<\/strong><\/p>\n<p><span style=\"font-weight: 400;\">L&rsquo;h\u00e9bergeur du site est la soci\u00e9t\u00e9 <\/span><b>LWS <\/b>(Ligne Web Services<b>) <\/b>dont le si\u00e8ge social est situ\u00e9 au 10 rue Penthi\u00e8vre, 75008 Paris, joignable au 01 77 62 30 03.<\/p>\n<p>\u00a0<\/p>\n<p><strong>Article III &#8211; Acc\u00e8s au site<\/strong><\/p>\n<p>Le site est accessible en tout endroit 7j\/7, 24h\/24 sauf en cas de force majeure, interruption programm\u00e9e ou non, pouvant d\u00e9couler d&rsquo;une n\u00e9cessit\u00e9 de maintenance.<\/p>\n<p>En cas de modification, interruption ou suspension du site, l\u2019\u00c9diteur ne saurait \u00eatre tenu pour responsable.\u00a0<\/p>\n<p>Toutes les informations relatives aux collectes des donn\u00e9es sont accessibles dans la rubrique\u00a0 \u00a0\u00bb <strong>Politique de Confidentialit\u00e9 <\/strong>\u00ab\u00a0<\/p>\n<p><span style=\"font-weight: 400;\">Le site vous souhaite une excellente navigation !<\/span><\/p>\t\t\t\t\t\t\t\t<\/div>\n\t\t\t\t<\/div>\n\t\t\t\t\t<\/div>\n\t\t<\/div>\n\t\t\t\t\t<\/div>\n\t\t<\/section>\n\t\t\t\t<\/div>","protected":false},"excerpt":{"rendered":"<p>Mention l\u00e9gales \u00a0 MENTIONS L\u00c9GALES Conform\u00e9ment aux dispositions des articles 6-III et 19 de la loi n\u00b02004-575\u00a0 du 21 juin 2004 pour la Confiance dans l&rsquo;\u00e9conomie num\u00e9rique, dite L.C.E.N, il est port\u00e9 \u00e0 la connaissance des utilisateurs et visiteurs du site Temps de R\u00e9flexion, les pr\u00e9sentes mentions l\u00e9gales. Les responsables du pr\u00e9sent site internet www.tempsdereflexion.com [&hellip;]<\/p>\n","protected":false},"author":2,"featured_media":0,"parent":0,"menu_order":0,"comment_status":"closed","ping_status":"closed","template":"elementor_header_footer","meta":{"footnotes":""},"class_list":["post-113","page","type-page","status-publish","hentry"],"yoast_head":"<!-- This site is optimized with the Yoast SEO plugin v27.3 - https:\/\/yoast.com\/product\/yoast-seo-wordpress\/ -->\n<title>Mentions l\u00e9gales - Temps de reflexion<\/title>\n<meta name=\"robots\" content=\"index, follow, max-snippet:-1, max-image-preview:large, max-video-preview:-1\" \/>\n<link rel=\"canonical\" href=\"https:\/\/tempsdereflexion.com\/en\/mentions-legales\/\" \/>\n<meta property=\"og:locale\" content=\"en_GB\" \/>\n<meta property=\"og:type\" content=\"article\" \/>\n<meta property=\"og:title\" content=\"Mentions l\u00e9gales - Temps de reflexion\" \/>\n<meta property=\"og:description\" content=\"Mention l\u00e9gales \u00a0 MENTIONS L\u00c9GALES Conform\u00e9ment aux dispositions des articles 6-III et 19 de la loi n\u00b02004-575\u00a0 du 21 juin 2004 pour la Confiance dans l&rsquo;\u00e9conomie num\u00e9rique, dite L.C.E.N, il est port\u00e9 \u00e0 la connaissance des utilisateurs et visiteurs du site Temps de R\u00e9flexion, les pr\u00e9sentes mentions l\u00e9gales. Les responsables du pr\u00e9sent site internet www.tempsdereflexion.com [&hellip;]\" \/>\n<meta property=\"og:url\" content=\"https:\/\/tempsdereflexion.com\/en\/mentions-legales\/\" \/>\n<meta property=\"og:site_name\" content=\"Temps de reflexion\" \/>\n<meta property=\"article:modified_time\" content=\"2022-11-10T10:46:28+00:00\" \/>\n<meta name=\"twitter:label1\" content=\"Estimated reading time\" \/>\n\t<meta name=\"twitter:data1\" content=\"2 minutes\" \/>\n<script type=\"application\/ld+json\" class=\"yoast-schema-graph\">{\"@context\":\"https:\\\/\\\/schema.org\",\"@graph\":[{\"@type\":\"WebPage\",\"@id\":\"https:\\\/\\\/tempsdereflexion.com\\\/mentions-legales\\\/\",\"url\":\"https:\\\/\\\/tempsdereflexion.com\\\/mentions-legales\\\/\",\"name\":\"Mentions l\u00e9gales - Temps de reflexion\",\"isPartOf\":{\"@id\":\"https:\\\/\\\/tempsdereflexion.com\\\/#website\"},\"datePublished\":\"2022-08-26T09:59:36+00:00\",\"dateModified\":\"2022-11-10T10:46:28+00:00\",\"inLanguage\":\"en-GB\",\"potentialAction\":[{\"@type\":\"ReadAction\",\"target\":[\"https:\\\/\\\/tempsdereflexion.com\\\/mentions-legales\\\/\"]}]},{\"@type\":\"WebSite\",\"@id\":\"https:\\\/\\\/tempsdereflexion.com\\\/#website\",\"url\":\"https:\\\/\\\/tempsdereflexion.com\\\/\",\"name\":\"Temps de reflexion\",\"description\":\"Pour cr\u00e9er votre propre chemin\",\"publisher\":{\"@id\":\"https:\\\/\\\/tempsdereflexion.com\\\/#\\\/schema\\\/person\\\/e4ba8ecd61eb6236c8746fb7e4bd2103\"},\"potentialAction\":[{\"@type\":\"SearchAction\",\"target\":{\"@type\":\"EntryPoint\",\"urlTemplate\":\"https:\\\/\\\/tempsdereflexion.com\\\/?s={search_term_string}\"},\"query-input\":{\"@type\":\"PropertyValueSpecification\",\"valueRequired\":true,\"valueName\":\"search_term_string\"}}],\"inLanguage\":\"en-GB\"},{\"@type\":[\"Person\",\"Organization\"],\"@id\":\"https:\\\/\\\/tempsdereflexion.com\\\/#\\\/schema\\\/person\\\/e4ba8ecd61eb6236c8746fb7e4bd2103\",\"name\":\"admin\",\"image\":{\"@type\":\"ImageObject\",\"inLanguage\":\"en-GB\",\"@id\":\"https:\\\/\\\/tempsdereflexion.com\\\/wp-content\\\/uploads\\\/2022\\\/09\\\/cropped-cropped-1-logo-lily-800px.jpg\",\"url\":\"https:\\\/\\\/tempsdereflexion.com\\\/wp-content\\\/uploads\\\/2022\\\/09\\\/cropped-cropped-1-logo-lily-800px.jpg\",\"contentUrl\":\"https:\\\/\\\/tempsdereflexion.com\\\/wp-content\\\/uploads\\\/2022\\\/09\\\/cropped-cropped-1-logo-lily-800px.jpg\",\"width\":800,\"height\":181,\"caption\":\"admin\"},\"logo\":{\"@id\":\"https:\\\/\\\/tempsdereflexion.com\\\/wp-content\\\/uploads\\\/2022\\\/09\\\/cropped-cropped-1-logo-lily-800px.jpg\"}}]}<\/script>\n<!-- \/ Yoast SEO plugin. -->","yoast_head_json":{"title":"Mentions l\u00e9gales - Temps de reflexion","robots":{"index":"index","follow":"follow","max-snippet":"max-snippet:-1","max-image-preview":"max-image-preview:large","max-video-preview":"max-video-preview:-1"},"canonical":"https:\/\/tempsdereflexion.com\/en\/mentions-legales\/","og_locale":"en_GB","og_type":"article","og_title":"Mentions l\u00e9gales - Temps de reflexion","og_description":"Mention l\u00e9gales \u00a0 MENTIONS L\u00c9GALES Conform\u00e9ment aux dispositions des articles 6-III et 19 de la loi n\u00b02004-575\u00a0 du 21 juin 2004 pour la Confiance dans l&rsquo;\u00e9conomie num\u00e9rique, dite L.C.E.N, il est port\u00e9 \u00e0 la connaissance des utilisateurs et visiteurs du site Temps de R\u00e9flexion, les pr\u00e9sentes mentions l\u00e9gales. Les responsables du pr\u00e9sent site internet www.tempsdereflexion.com [&hellip;]","og_url":"https:\/\/tempsdereflexion.com\/en\/mentions-legales\/","og_site_name":"Temps de reflexion","article_modified_time":"2022-11-10T10:46:28+00:00","twitter_misc":{"Estimated reading time":"2 minutes"},"schema":{"@context":"https:\/\/schema.org","@graph":[{"@type":"WebPage","@id":"https:\/\/tempsdereflexion.com\/mentions-legales\/","url":"https:\/\/tempsdereflexion.com\/mentions-legales\/","name":"Mentions l\u00e9gales - Temps de reflexion","isPartOf":{"@id":"https:\/\/tempsdereflexion.com\/#website"},"datePublished":"2022-08-26T09:59:36+00:00","dateModified":"2022-11-10T10:46:28+00:00","inLanguage":"en-GB","potentialAction":[{"@type":"ReadAction","target":["https:\/\/tempsdereflexion.com\/mentions-legales\/"]}]},{"@type":"WebSite","@id":"https:\/\/tempsdereflexion.com\/#website","url":"https:\/\/tempsdereflexion.com\/","name":"Temps de reflexion","description":"Create your own path","publisher":{"@id":"https:\/\/tempsdereflexion.com\/#\/schema\/person\/e4ba8ecd61eb6236c8746fb7e4bd2103"},"potentialAction":[{"@type":"SearchAction","target":{"@type":"EntryPoint","urlTemplate":"https:\/\/tempsdereflexion.com\/?s={search_term_string}"},"query-input":{"@type":"PropertyValueSpecification","valueRequired":true,"valueName":"search_term_string"}}],"inLanguage":"en-GB"},{"@type":["Person","Organization"],"@id":"https:\/\/tempsdereflexion.com\/#\/schema\/person\/e4ba8ecd61eb6236c8746fb7e4bd2103","name":"admin","image":{"@type":"ImageObject","inLanguage":"en-GB","@id":"https:\/\/tempsdereflexion.com\/wp-content\/uploads\/2022\/09\/cropped-cropped-1-logo-lily-800px.jpg","url":"https:\/\/tempsdereflexion.com\/wp-content\/uploads\/2022\/09\/cropped-cropped-1-logo-lily-800px.jpg","contentUrl":"https:\/\/tempsdereflexion.com\/wp-content\/uploads\/2022\/09\/cropped-cropped-1-logo-lily-800px.jpg","width":800,"height":181,"caption":"admin"},"logo":{"@id":"https:\/\/tempsdereflexion.com\/wp-content\/uploads\/2022\/09\/cropped-cropped-1-logo-lily-800px.jpg"}}]}},"_links":{"self":[{"href":"https:\/\/tempsdereflexion.com\/en\/wp-json\/wp\/v2\/pages\/113","targetHints":{"allow":["GET"]}}],"collection":[{"href":"https:\/\/tempsdereflexion.com\/en\/wp-json\/wp\/v2\/pages"}],"about":[{"href":"https:\/\/tempsdereflexion.com\/en\/wp-json\/wp\/v2\/types\/page"}],"author":[{"embeddable":true,"href":"https:\/\/tempsdereflexion.com\/en\/wp-json\/wp\/v2\/users\/2"}],"replies":[{"embeddable":true,"href":"https:\/\/tempsdereflexion.com\/en\/wp-json\/wp\/v2\/comments?post=113"}],"version-history":[{"count":19,"href":"https:\/\/tempsdereflexion.com\/en\/wp-json\/wp\/v2\/pages\/113\/revisions"}],"predecessor-version":[{"id":2115,"href":"https:\/\/tempsdereflexion.com\/en\/wp-json\/wp\/v2\/pages\/113\/revisions\/2115"}],"wp:attachment":[{"href":"https:\/\/tempsdereflexion.com\/en\/wp-json\/wp\/v2\/media?parent=113"}],"curies":[{"name":"wp","href":"https:\/\/api.w.org\/{rel}","templated":true}]}}