{"id":115,"date":"2022-08-26T11:01:27","date_gmt":"2022-08-26T10:01:27","guid":{"rendered":"https:\/\/tempsdereflexion.com\/?page_id=115"},"modified":"2022-11-10T11:37:37","modified_gmt":"2022-11-10T10:37:37","slug":"politique-de-confidentialite","status":"publish","type":"page","link":"https:\/\/tempsdereflexion.com\/en\/politique-de-confidentialite\/","title":{"rendered":"Politique de confidentialit\u00e9"},"content":{"rendered":"<div data-elementor-type=\"wp-page\" data-elementor-id=\"115\" class=\"elementor elementor-115\">\n\t\t\t\t\t\t<section class=\"elementor-section elementor-top-section elementor-element elementor-element-696591e4 elementor-section-boxed elementor-section-height-default elementor-section-height-default\" data-id=\"696591e4\" data-element_type=\"section\" data-e-type=\"section\">\n\t\t\t\t\t\t<div class=\"elementor-container elementor-column-gap-default\">\n\t\t\t\t\t<div class=\"elementor-column elementor-col-100 elementor-top-column elementor-element elementor-element-45faf70d\" data-id=\"45faf70d\" data-element_type=\"column\" data-e-type=\"column\">\n\t\t\t<div class=\"elementor-widget-wrap elementor-element-populated\">\n\t\t\t\t\t\t<div class=\"elementor-element elementor-element-6507f040 elementor-widget elementor-widget-text-editor\" data-id=\"6507f040\" data-element_type=\"widget\" data-e-type=\"widget\" data-widget_type=\"text-editor.default\">\n\t\t\t\t<div class=\"elementor-widget-container\">\n\t\t\t\t\t\t\t\t\t\n<div class=\"wp-block-themeisle-blocks-advanced-columns has-undefined-columns has-desktop-undefined-layout has-tablet-equal-layout has-mobile-equal-layout has-default-gap has-vertical-unset\" id=\"wp-block-themeisle-blocks-advanced-columns-fbddf294\"><div class=\"wp-block-themeisle-blocks-advanced-columns-overlay\"><\/div><div class=\"innerblocks-wrap\"><\/div><\/div>\n\t\t\t\t\t\t\t\t<\/div>\n\t\t\t\t<\/div>\n\t\t\t\t\t<\/div>\n\t\t<\/div>\n\t\t\t\t\t<\/div>\n\t\t<\/section>\n\t\t\t\t<section class=\"elementor-section elementor-top-section elementor-element elementor-element-64ee1659 elementor-section-boxed elementor-section-height-default elementor-section-height-default\" data-id=\"64ee1659\" data-element_type=\"section\" data-e-type=\"section\">\n\t\t\t\t\t\t<div class=\"elementor-container elementor-column-gap-default\">\n\t\t\t\t\t<div class=\"elementor-column elementor-col-100 elementor-top-column elementor-element elementor-element-7bce1a74\" data-id=\"7bce1a74\" data-element_type=\"column\" data-e-type=\"column\">\n\t\t\t<div class=\"elementor-widget-wrap elementor-element-populated\">\n\t\t\t\t\t\t<div class=\"elementor-element elementor-element-59d9e956 elementor-widget elementor-widget-heading\" data-id=\"59d9e956\" data-element_type=\"widget\" data-e-type=\"widget\" data-widget_type=\"heading.default\">\n\t\t\t\t<div class=\"elementor-widget-container\">\n\t\t\t\t\t<h2 class=\"elementor-heading-title elementor-size-default\">Politique de confidentialit\u00e9<\/h2>\t\t\t\t<\/div>\n\t\t\t\t<\/div>\n\t\t\t\t\t<\/div>\n\t\t<\/div>\n\t\t\t\t\t<\/div>\n\t\t<\/section>\n\t\t\t\t<section class=\"elementor-section elementor-top-section elementor-element elementor-element-3da5cc17 elementor-section-boxed elementor-section-height-default elementor-section-height-default\" data-id=\"3da5cc17\" data-element_type=\"section\" data-e-type=\"section\">\n\t\t\t\t\t\t<div class=\"elementor-container elementor-column-gap-default\">\n\t\t\t\t\t<div class=\"elementor-column elementor-col-100 elementor-top-column elementor-element elementor-element-478ae29b\" data-id=\"478ae29b\" data-element_type=\"column\" data-e-type=\"column\">\n\t\t\t<div class=\"elementor-widget-wrap elementor-element-populated\">\n\t\t\t\t\t\t<div class=\"elementor-element elementor-element-1ad0ab4 elementor-widget elementor-widget-text-editor\" data-id=\"1ad0ab4\" data-element_type=\"widget\" data-e-type=\"widget\" data-widget_type=\"text-editor.default\">\n\t\t\t\t<div class=\"elementor-widget-container\">\n\t\t\t\t\t\t\t\t\t<p>\u00a0<\/p>\n<p style=\"text-align: center;\"><span style=\"font-weight: 400;\"><strong>POLITIQUE DE\u00a0<\/strong><\/span><b>CONFIDENTIALIT\u00c9<\/b><\/p>\n<p><span style=\"font-weight: 400;\"><strong>Temps de R\u00e9flexion<\/strong> accorde une grande importance \u00e0 la protection de votre vie priv\u00e9e. Le pr\u00e9sent document a pour objet de vous informer de la mani\u00e8re dont nous utilisons et prot\u00e9geons vos donn\u00e9es personnelles, ainsi que des raisons pour lesquelles nous traitons ces donn\u00e9es.<\/span><\/p>\n<p><b>I. DONN\u00c9ES PERSONNELLES<\/b><\/p>\n<p><span style=\"font-weight: 400;\">Temps de R\u00e9flexion respecte la l\u00e9gislation applicable en mati\u00e8re de protection des donn\u00e9es personnelles des Utilisateurs et en particulier le R\u00e8glement (UE) 2016\/679 du Parlement Europ\u00e9en et du Conseil du 27 avril 2016 relatif \u00e0 la protection des personnes physiques \u00e0 l&rsquo;\u00e9gard du traitement des donn\u00e9es \u00e0 caract\u00e8re personnel et \u00e0 la libre circulation de ces donn\u00e9es.<\/span><\/p>\n<p><span style=\"font-weight: 400;\">La collecte des donn\u00e9es personnelles se limite au strict n\u00e9cessaire.<\/span><\/p>\n<p><span style=\"font-weight: 400;\">Nous pouvons \u00eatre amen\u00e9s \u00e0 collecter diff\u00e9rentes cat\u00e9gories de donn\u00e9es personnelles aupr\u00e8s de vous, notamment :<\/span><\/p>\n<ul>\n<li style=\"font-weight: 400;\" aria-level=\"1\"><span style=\"font-weight: 400;\">Des informations \u00e0 propos de votre ordinateur, y compris votre adresse IP, votre localisation g\u00e9ographique, le type et la version de votre navigateur, et votre syst\u00e8me d\u2019exploitation ;<\/span><\/li>\n<li style=\"font-weight: 400;\" aria-level=\"1\"><span style=\"font-weight: 400;\">Des informations sur vos visites et votre utilisation de ce site web y compris la source r\u00e9f\u00e9rente, la dur\u00e9e de la visite, les pages vues, et les chemins de navigation de sites web ;<\/span><\/li>\n<li style=\"font-weight: 400;\" aria-level=\"1\"><span style=\"font-weight: 400;\">Des informations g\u00e9n\u00e9r\u00e9es lors de l\u2019utilisation de notre site, y compris quand, \u00e0 quelle fr\u00e9quence et sous quelles circonstances vous l\u2019utilisez ;<\/span><\/li>\n<li style=\"font-weight: 400;\" aria-level=\"1\"><span style=\"font-weight: 400;\">Des informations contenues dans toutes les communications que vous nous envoyez par e-mail ou sur notre site web, y compris leurs contenus et leurs m\u00e9tadonn\u00e9es ;<\/span><\/li>\n<li style=\"font-weight: 400;\" aria-level=\"1\"><span style=\"font-weight: 400;\">Toute autre information personnelle que vous nous communiquez (sur les r\u00e9seaux sociaux, lors des entretiens et conversations t\u00e9l\u00e9phoniques ou visio et dans les courriers \u00e9lectroniques).<\/span><\/li>\n<\/ul>\n<p>\u00a0<\/p>\n<p><span style=\"font-weight: 400;\"><b>II. UTILISATION DES DONN\u00c9ES<\/b><\/span><\/p>\n<p><span style=\"font-weight: 400;\">Les donn\u00e9es sont utilis\u00e9es \u00e0 des fins notamment statistiques quant \u00e0 la consultation des pages du Site et au trafic qu\u2019il g\u00e9n\u00e8re.<\/span><\/p>\n<p><b>III. CONSERVATION DES DONN\u00c9ES PERSONNELLES<\/b><\/p>\n<p><span style=\"font-weight: 400;\">Les informations personnelles que nous traitons \u00e0 quelque fin que ce soit ne sont pas conserv\u00e9es plus longtemps que n\u00e9cessaire \u00e0 cette fin.<\/span><\/p>\n<p><span style=\"font-weight: 400;\">Nous conserverons des documents (y compris des documents \u00e9lectroniques) contenant des donn\u00e9es personnelles dans la limite d\u2019une dur\u00e9e de 5 ans \u00e0 compter de la cessation de l\u2019utilisation des services.<\/span><\/p>\n<p><b>IV. DIVULGATION DE VOS DONN\u00c9ES PERSONNELLES\u00a0<\/b><\/p>\n<p><span style=\"font-weight: 400;\">Temps de R\u00e9flexion ne partage ni ne c\u00e8de les informations recueillies aux tiers.<\/span><\/p>\n<p><span style=\"font-weight: 400;\">Si vous avez des questions concernant l\u2019utilisation de vos donn\u00e9es personnelles vis\u00e9e par le pr\u00e9sent document, vous pouvez envoyer un email \u00e0 <\/span><a href=\"mailto:bienvenue@tempsdereflexion.com\"><span style=\"font-weight: 400;\">bienvenue@tempsdereflexion.com<\/span><\/a><\/p>\n<p><b>V. S\u00c9CURIT\u00c9 DE VOS DONN\u00c9ES PERSONNELLES\u00a0<\/b><\/p>\n<p><span style=\"font-weight: 400;\">Vous reconnaissez que la transmission d\u2019informations par internet est intrins\u00e8quement non s\u00e9curis\u00e9e, et que nous ne pouvons pas garantir la s\u00e9curit\u00e9 de vos donn\u00e9es envoy\u00e9es par internet.<\/span><\/p>\n<p><b>VI. DROITS DES UTILISATEURS\u00a0<\/b><\/p>\n<p><span style=\"font-weight: 400;\">Conform\u00e9ment \u00e0 la r\u00e9glementation applicable, vous disposez de diff\u00e9rents droits, \u00e0 savoir :<\/span><\/p>\n<p><span style=\"font-weight: 400;\">Droit d\u2019acc\u00e8s : vous pouvez obtenir des informations concernant le traitement de vos donn\u00e9es personnelles ainsi qu\u2019une copie de ces donn\u00e9es personnelles.<\/span><\/p>\n<p><span style=\"font-weight: 400;\">Droit de rectification : si vous estimez que vos donn\u00e9es personnelles sont inexactes ou incompl\u00e8tes, vous pouvez exiger que ces donn\u00e9es personnelles soient modifi\u00e9es en cons\u00e9quence.<\/span><\/p>\n<p><span style=\"font-weight: 400;\">Droit \u00e0 l\u2019effacement : vous pouvez exiger l\u2019effacement de vos donn\u00e9es personnelles dans la limite de ce qui est permis par la r\u00e9glementation.<\/span><\/p>\n<p><span style=\"font-weight: 400;\">Droit \u00e0 la limitation du traitement : vous pouvez demander la limitation de traitement de vos donn\u00e9es personnelles.<\/span><\/p>\n<p><span style=\"font-weight: 400;\">Droit d\u2019opposition : vous pouvez vous opposer au traitement de vos donn\u00e9es personnelles, pour des motifs li\u00e9s \u00e0 votre situation particuli\u00e8re. Vous disposez du droit absolu de vous opposer au traitement de vos donn\u00e9es personnelles \u00e0 des fins de prospection commerciale, y compris le profilage li\u00e9 \u00e0 cette prospection.<\/span><\/p>\n<p><span style=\"font-weight: 400;\">Droit \u00e0 la portabilit\u00e9 de vos donn\u00e9es, quand ce droit est applicable, vous avez le droit que les donn\u00e9es personnelles que vous nous avez fournies vous soient rendues ou, lorsque cela est possible, techniquement, de les transf\u00e9rer \u00e0 un tiers ;<\/span><\/p>\n<p><span style=\"font-weight: 400;\">Droit de d\u00e9finir des directives relatives \u00e0 la conservation, l\u2019effacement ou la communication de vos donn\u00e9es personnelles, applicables apr\u00e8s votre d\u00e9c\u00e8s.<\/span><\/p>\n<p><span style=\"font-weight: 400;\">Droit de retirer votre consentement : si vous avez donn\u00e9 votre consentement au traitement de vos donn\u00e9es personnelles, vous avez le droit de retirer votre consentement \u00e0 tout moment.<\/span><\/p>\n<p><span style=\"font-weight: 400;\">Conform\u00e9ment \u00e0 la r\u00e9glementation applicable, vous \u00eates en droit d\u2019introduire une r\u00e9clamation aupr\u00e8s de l\u2019autorit\u00e9 de contr\u00f4le comp\u00e9tente telle que la CNIL (Commission nationale de l\u2019informatique et des libert\u00e9s) en France.<\/span><\/p>\n<p><b>VII. UTILISATION DES COOKIES<\/b><\/p>\n<p><span style=\"font-weight: 400;\">Un cookie, tel que d\u00e9fini par la Commission Nationale de l&rsquo;Informatique et des Libert\u00e9s (CNIL), est un enregistrement d&rsquo;informations par le serveur dans un fichier texte situ\u00e9 sur l&rsquo;ordinateur du visiteur, informations que ce m\u00eame serveur, et lui seul, peut relire et modifier ult\u00e9rieurement. Le cookie peut contenir des informations telles qu&rsquo;un ID utilisateur qui permet au site de rep\u00e9rer les pages consult\u00e9es par le visiteur. Il ne peut, en revanche, que lire des donn\u00e9es pr\u00e9sentes sur le disque dur du visiteur ou des cookies cr\u00e9\u00e9s par d&rsquo;autres sites internet.\u00a0<\/span><\/p>\n<p><span style=\"font-weight: 400;\">Certaines parties du site internet Temps de R\u00e9flexion utilisent des cookies pour rep\u00e9rer les structures de trafic des visiteurs. Ces cookies nous servent donc \u00e0 d\u00e9terminer l&rsquo;utilit\u00e9 des informations du site internet pour les visiteurs et l&rsquo;efficacit\u00e9 de notre structure de navigation.<\/span><\/p>\n<p><span style=\"font-weight: 400;\">Le site Temps de R\u00e9flexion n&rsquo;\u00e9tablit aucun lien entre les informations recueillies par le biais des cookies et les donn\u00e9es \u00e0 caract\u00e8re personnel concernant les visiteurs.\u00a0<\/span><\/p>\n<p><span style=\"font-weight: 400;\">Si vous ne souhaitez pas recevoir de cookies, vous avez la possibilit\u00e9 de refuser tous les cookies en les d\u00e9sactivant de votre navigateur.<\/span><\/p>\n<p><b>VIII. SERVICE DE M\u00c9DIATION A LA CONSOMMATION\u00a0<\/b><\/p>\n<p><span style=\"font-weight: 400;\">Conform\u00e9ment aux articles L.616-1 et R.616-1 du code de la consommation, nous proposons un dispositif de m\u00e9diation de la consommation. L&rsquo;entit\u00e9 de m\u00e9diation retenue est : CNPM &#8211; M\u00c9DIATION DE LA CONSOMMATION.\u00a0<\/span><\/p>\n<p><span style=\"font-weight: 400;\">En cas de litige, vous pouvez d\u00e9poser votre r\u00e9clamation sur son site : https:\/\/cnpm-mediation-consommation.eu ou par voie postale en \u00e9crivant \u00e0 CNPM &#8211; MEDIATION &#8211; CONSOMMATION &#8211; 27 avenue de la lib\u00e9ration &#8211; 42400 Saint-Chamond.<\/span><\/p>\n<p><b>IX. CONSENTEMENT\u00a0<\/b><\/p>\n<p><span style=\"font-weight: 400;\">En utilisant ce site, vous consentez \u00e0 notre politique de confidentialit\u00e9.<\/span><\/p>\n<p><b>X. AMENDEMENTS\u00a0<\/b><\/p>\n<p><span style=\"font-weight: 400;\">Nous pouvons parfois mettre cette politique \u00e0 jour en publiant une nouvelle version sur notre site web. Vous devez v\u00e9rifier cette page r\u00e9guli\u00e8rement pour vous assurer de prendre connaissance de tout changement effectu\u00e9 \u00e0 cette politique.\u00a0<\/span><\/p>\t\t\t\t\t\t\t\t<\/div>\n\t\t\t\t<\/div>\n\t\t\t\t\t<\/div>\n\t\t<\/div>\n\t\t\t\t\t<\/div>\n\t\t<\/section>\n\t\t\t\t<\/div>","protected":false},"excerpt":{"rendered":"<p>Politique de confidentialit\u00e9 \u00a0 POLITIQUE DE\u00a0CONFIDENTIALIT\u00c9 Temps de R\u00e9flexion accorde une grande importance \u00e0 la protection de votre vie priv\u00e9e. Le pr\u00e9sent document a pour objet de vous informer de la mani\u00e8re dont nous utilisons et prot\u00e9geons vos donn\u00e9es personnelles, ainsi que des raisons pour lesquelles nous traitons ces donn\u00e9es. I. DONN\u00c9ES PERSONNELLES Temps de [&hellip;]<\/p>\n","protected":false},"author":2,"featured_media":0,"parent":0,"menu_order":0,"comment_status":"closed","ping_status":"closed","template":"elementor_header_footer","meta":{"footnotes":""},"class_list":["post-115","page","type-page","status-publish","hentry"],"yoast_head":"<!-- This site is optimized with the Yoast SEO plugin v27.3 - https:\/\/yoast.com\/product\/yoast-seo-wordpress\/ -->\n<title>Politique de confidentialit\u00e9 - Temps de reflexion<\/title>\n<meta name=\"robots\" content=\"index, follow, max-snippet:-1, max-image-preview:large, max-video-preview:-1\" \/>\n<link rel=\"canonical\" href=\"https:\/\/tempsdereflexion.com\/en\/politique-de-confidentialite\/\" \/>\n<meta property=\"og:locale\" content=\"en_GB\" \/>\n<meta property=\"og:type\" content=\"article\" \/>\n<meta property=\"og:title\" content=\"Politique de confidentialit\u00e9 - Temps de reflexion\" \/>\n<meta property=\"og:description\" content=\"Politique de confidentialit\u00e9 \u00a0 POLITIQUE DE\u00a0CONFIDENTIALIT\u00c9 Temps de R\u00e9flexion accorde une grande importance \u00e0 la protection de votre vie priv\u00e9e. Le pr\u00e9sent document a pour objet de vous informer de la mani\u00e8re dont nous utilisons et prot\u00e9geons vos donn\u00e9es personnelles, ainsi que des raisons pour lesquelles nous traitons ces donn\u00e9es. I. DONN\u00c9ES PERSONNELLES Temps de [&hellip;]\" \/>\n<meta property=\"og:url\" content=\"https:\/\/tempsdereflexion.com\/en\/politique-de-confidentialite\/\" \/>\n<meta property=\"og:site_name\" content=\"Temps de reflexion\" \/>\n<meta property=\"article:modified_time\" content=\"2022-11-10T10:37:37+00:00\" \/>\n<meta name=\"twitter:label1\" content=\"Estimated reading time\" \/>\n\t<meta name=\"twitter:data1\" content=\"6 minutes\" \/>\n<script type=\"application\/ld+json\" class=\"yoast-schema-graph\">{\"@context\":\"https:\\\/\\\/schema.org\",\"@graph\":[{\"@type\":\"WebPage\",\"@id\":\"https:\\\/\\\/tempsdereflexion.com\\\/politique-de-confidentialite\\\/\",\"url\":\"https:\\\/\\\/tempsdereflexion.com\\\/politique-de-confidentialite\\\/\",\"name\":\"Politique de confidentialit\u00e9 - Temps de reflexion\",\"isPartOf\":{\"@id\":\"https:\\\/\\\/tempsdereflexion.com\\\/#website\"},\"datePublished\":\"2022-08-26T10:01:27+00:00\",\"dateModified\":\"2022-11-10T10:37:37+00:00\",\"inLanguage\":\"en-GB\",\"potentialAction\":[{\"@type\":\"ReadAction\",\"target\":[\"https:\\\/\\\/tempsdereflexion.com\\\/politique-de-confidentialite\\\/\"]}]},{\"@type\":\"WebSite\",\"@id\":\"https:\\\/\\\/tempsdereflexion.com\\\/#website\",\"url\":\"https:\\\/\\\/tempsdereflexion.com\\\/\",\"name\":\"Temps de reflexion\",\"description\":\"Pour cr\u00e9er votre propre chemin\",\"publisher\":{\"@id\":\"https:\\\/\\\/tempsdereflexion.com\\\/#\\\/schema\\\/person\\\/e4ba8ecd61eb6236c8746fb7e4bd2103\"},\"potentialAction\":[{\"@type\":\"SearchAction\",\"target\":{\"@type\":\"EntryPoint\",\"urlTemplate\":\"https:\\\/\\\/tempsdereflexion.com\\\/?s={search_term_string}\"},\"query-input\":{\"@type\":\"PropertyValueSpecification\",\"valueRequired\":true,\"valueName\":\"search_term_string\"}}],\"inLanguage\":\"en-GB\"},{\"@type\":[\"Person\",\"Organization\"],\"@id\":\"https:\\\/\\\/tempsdereflexion.com\\\/#\\\/schema\\\/person\\\/e4ba8ecd61eb6236c8746fb7e4bd2103\",\"name\":\"admin\",\"image\":{\"@type\":\"ImageObject\",\"inLanguage\":\"en-GB\",\"@id\":\"https:\\\/\\\/tempsdereflexion.com\\\/wp-content\\\/uploads\\\/2022\\\/09\\\/cropped-cropped-1-logo-lily-800px.jpg\",\"url\":\"https:\\\/\\\/tempsdereflexion.com\\\/wp-content\\\/uploads\\\/2022\\\/09\\\/cropped-cropped-1-logo-lily-800px.jpg\",\"contentUrl\":\"https:\\\/\\\/tempsdereflexion.com\\\/wp-content\\\/uploads\\\/2022\\\/09\\\/cropped-cropped-1-logo-lily-800px.jpg\",\"width\":800,\"height\":181,\"caption\":\"admin\"},\"logo\":{\"@id\":\"https:\\\/\\\/tempsdereflexion.com\\\/wp-content\\\/uploads\\\/2022\\\/09\\\/cropped-cropped-1-logo-lily-800px.jpg\"}}]}<\/script>\n<!-- \/ Yoast SEO plugin. -->","yoast_head_json":{"title":"Politique de confidentialit\u00e9 - Temps de reflexion","robots":{"index":"index","follow":"follow","max-snippet":"max-snippet:-1","max-image-preview":"max-image-preview:large","max-video-preview":"max-video-preview:-1"},"canonical":"https:\/\/tempsdereflexion.com\/en\/politique-de-confidentialite\/","og_locale":"en_GB","og_type":"article","og_title":"Politique de confidentialit\u00e9 - Temps de reflexion","og_description":"Politique de confidentialit\u00e9 \u00a0 POLITIQUE DE\u00a0CONFIDENTIALIT\u00c9 Temps de R\u00e9flexion accorde une grande importance \u00e0 la protection de votre vie priv\u00e9e. Le pr\u00e9sent document a pour objet de vous informer de la mani\u00e8re dont nous utilisons et prot\u00e9geons vos donn\u00e9es personnelles, ainsi que des raisons pour lesquelles nous traitons ces donn\u00e9es. I. DONN\u00c9ES PERSONNELLES Temps de [&hellip;]","og_url":"https:\/\/tempsdereflexion.com\/en\/politique-de-confidentialite\/","og_site_name":"Temps de reflexion","article_modified_time":"2022-11-10T10:37:37+00:00","twitter_misc":{"Estimated reading time":"6 minutes"},"schema":{"@context":"https:\/\/schema.org","@graph":[{"@type":"WebPage","@id":"https:\/\/tempsdereflexion.com\/politique-de-confidentialite\/","url":"https:\/\/tempsdereflexion.com\/politique-de-confidentialite\/","name":"Politique de confidentialit\u00e9 - Temps de reflexion","isPartOf":{"@id":"https:\/\/tempsdereflexion.com\/#website"},"datePublished":"2022-08-26T10:01:27+00:00","dateModified":"2022-11-10T10:37:37+00:00","inLanguage":"en-GB","potentialAction":[{"@type":"ReadAction","target":["https:\/\/tempsdereflexion.com\/politique-de-confidentialite\/"]}]},{"@type":"WebSite","@id":"https:\/\/tempsdereflexion.com\/#website","url":"https:\/\/tempsdereflexion.com\/","name":"Temps de reflexion","description":"Create your own path","publisher":{"@id":"https:\/\/tempsdereflexion.com\/#\/schema\/person\/e4ba8ecd61eb6236c8746fb7e4bd2103"},"potentialAction":[{"@type":"SearchAction","target":{"@type":"EntryPoint","urlTemplate":"https:\/\/tempsdereflexion.com\/?s={search_term_string}"},"query-input":{"@type":"PropertyValueSpecification","valueRequired":true,"valueName":"search_term_string"}}],"inLanguage":"en-GB"},{"@type":["Person","Organization"],"@id":"https:\/\/tempsdereflexion.com\/#\/schema\/person\/e4ba8ecd61eb6236c8746fb7e4bd2103","name":"admin","image":{"@type":"ImageObject","inLanguage":"en-GB","@id":"https:\/\/tempsdereflexion.com\/wp-content\/uploads\/2022\/09\/cropped-cropped-1-logo-lily-800px.jpg","url":"https:\/\/tempsdereflexion.com\/wp-content\/uploads\/2022\/09\/cropped-cropped-1-logo-lily-800px.jpg","contentUrl":"https:\/\/tempsdereflexion.com\/wp-content\/uploads\/2022\/09\/cropped-cropped-1-logo-lily-800px.jpg","width":800,"height":181,"caption":"admin"},"logo":{"@id":"https:\/\/tempsdereflexion.com\/wp-content\/uploads\/2022\/09\/cropped-cropped-1-logo-lily-800px.jpg"}}]}},"_links":{"self":[{"href":"https:\/\/tempsdereflexion.com\/en\/wp-json\/wp\/v2\/pages\/115","targetHints":{"allow":["GET"]}}],"collection":[{"href":"https:\/\/tempsdereflexion.com\/en\/wp-json\/wp\/v2\/pages"}],"about":[{"href":"https:\/\/tempsdereflexion.com\/en\/wp-json\/wp\/v2\/types\/page"}],"author":[{"embeddable":true,"href":"https:\/\/tempsdereflexion.com\/en\/wp-json\/wp\/v2\/users\/2"}],"replies":[{"embeddable":true,"href":"https:\/\/tempsdereflexion.com\/en\/wp-json\/wp\/v2\/comments?post=115"}],"version-history":[{"count":22,"href":"https:\/\/tempsdereflexion.com\/en\/wp-json\/wp\/v2\/pages\/115\/revisions"}],"predecessor-version":[{"id":2111,"href":"https:\/\/tempsdereflexion.com\/en\/wp-json\/wp\/v2\/pages\/115\/revisions\/2111"}],"wp:attachment":[{"href":"https:\/\/tempsdereflexion.com\/en\/wp-json\/wp\/v2\/media?parent=115"}],"curies":[{"name":"wp","href":"https:\/\/api.w.org\/{rel}","templated":true}]}}